{"id":56,"date":"2020-06-23T11:41:21","date_gmt":"2020-06-23T11:41:21","guid":{"rendered":"https:\/\/jupiterx.artbees.net\/accountant\/?page_id=56"},"modified":"2024-11-01T00:53:50","modified_gmt":"2024-10-31T21:53:50","slug":"about","status":"publish","type":"page","link":"https:\/\/kayabrandatente.com\/de\/about\/","title":{"rendered":"\u00dcber uns"},"content":{"rendered":"<div data-elementor-type=\"wp-page\" data-elementor-id=\"56\" class=\"elementor elementor-56\" data-elementor-post-type=\"page\">\n\t\t\t\t\t\t<section class=\"elementor-section elementor-top-section elementor-element elementor-element-bdf22e8 elementor-section-boxed elementor-section-height-default elementor-section-height-default\" data-id=\"bdf22e8\" data-element_type=\"section\" data-settings=\"{&quot;jet_parallax_layout_list&quot;:[{&quot;jet_parallax_layout_image&quot;:{&quot;url&quot;:&quot;&quot;,&quot;id&quot;:&quot;&quot;,&quot;size&quot;:&quot;&quot;},&quot;_id&quot;:&quot;bd17729&quot;,&quot;jet_parallax_layout_image_tablet&quot;:{&quot;url&quot;:&quot;&quot;,&quot;id&quot;:&quot;&quot;,&quot;size&quot;:&quot;&quot;},&quot;jet_parallax_layout_image_mobile&quot;:{&quot;url&quot;:&quot;&quot;,&quot;id&quot;:&quot;&quot;,&quot;size&quot;:&quot;&quot;},&quot;jet_parallax_layout_speed&quot;:{&quot;unit&quot;:&quot;%&quot;,&quot;size&quot;:&quot;50&quot;,&quot;sizes&quot;:[]},&quot;jet_parallax_layout_bg_x&quot;:&quot;50&quot;,&quot;jet_parallax_layout_bg_y&quot;:&quot;50&quot;,&quot;jet_parallax_layout_type&quot;:&quot;scroll&quot;,&quot;jet_parallax_layout_direction&quot;:null,&quot;jet_parallax_layout_fx_direction&quot;:null,&quot;jet_parallax_layout_z_index&quot;:&quot;&quot;,&quot;jet_parallax_layout_bg_x_tablet&quot;:&quot;&quot;,&quot;jet_parallax_layout_bg_x_mobile&quot;:&quot;&quot;,&quot;jet_parallax_layout_bg_y_tablet&quot;:&quot;&quot;,&quot;jet_parallax_layout_bg_y_mobile&quot;:&quot;&quot;,&quot;jet_parallax_layout_bg_size&quot;:&quot;auto&quot;,&quot;jet_parallax_layout_bg_size_tablet&quot;:&quot;&quot;,&quot;jet_parallax_layout_bg_size_mobile&quot;:&quot;&quot;,&quot;jet_parallax_layout_animation_prop&quot;:&quot;transform&quot;,&quot;jet_parallax_layout_on&quot;:[&quot;desktop&quot;,&quot;tablet&quot;]}],&quot;background_background&quot;:&quot;classic&quot;}\">\n\t\t\t\t\t\t\t<div class=\"elementor-background-overlay\"><\/div>\n\t\t\t\t\t\t\t<div class=\"elementor-container elementor-column-gap-no\">\n\t\t\t\t\t<div class=\"elementor-column elementor-col-100 elementor-top-column elementor-element elementor-element-6147b0c\" data-id=\"6147b0c\" data-element_type=\"column\">\n\t\t\t<div class=\"elementor-widget-wrap elementor-element-populated\">\n\t\t\t\t\t\t<div class=\"elementor-element elementor-element-50f56a7 elementor-widget elementor-widget-heading\" data-id=\"50f56a7\" data-element_type=\"widget\" data-widget_type=\"heading.default\">\n\t\t\t\t<div class=\"elementor-widget-container\">\n\t\t\t<h1 class=\"elementor-heading-title elementor-size-default\">\u00dcber uns<\/h1>\t\t<\/div>\n\t\t\t\t<\/div>\n\t\t\t\t\t<\/div>\n\t\t<\/div>\n\t\t\t\t\t<\/div>\n\t\t<\/section>\n\t\t\t\t<section class=\"elementor-section elementor-top-section elementor-element elementor-element-34a936c elementor-section-boxed elementor-section-height-default elementor-section-height-default elementor-invisible\" data-id=\"34a936c\" data-element_type=\"section\" data-settings=\"{&quot;jet_parallax_layout_list&quot;:[{&quot;jet_parallax_layout_image&quot;:{&quot;url&quot;:&quot;&quot;,&quot;id&quot;:&quot;&quot;,&quot;size&quot;:&quot;&quot;},&quot;_id&quot;:&quot;36d67d3&quot;,&quot;jet_parallax_layout_speed&quot;:{&quot;unit&quot;:&quot;%&quot;,&quot;size&quot;:&quot;50&quot;,&quot;sizes&quot;:[]},&quot;jet_parallax_layout_bg_x&quot;:&quot;50&quot;,&quot;jet_parallax_layout_bg_y&quot;:&quot;50&quot;,&quot;jet_parallax_layout_image_tablet&quot;:{&quot;url&quot;:&quot;&quot;,&quot;id&quot;:&quot;&quot;,&quot;size&quot;:&quot;&quot;},&quot;jet_parallax_layout_image_mobile&quot;:{&quot;url&quot;:&quot;&quot;,&quot;id&quot;:&quot;&quot;,&quot;size&quot;:&quot;&quot;},&quot;jet_parallax_layout_type&quot;:&quot;scroll&quot;,&quot;jet_parallax_layout_direction&quot;:null,&quot;jet_parallax_layout_fx_direction&quot;:null,&quot;jet_parallax_layout_z_index&quot;:&quot;&quot;,&quot;jet_parallax_layout_bg_x_tablet&quot;:&quot;&quot;,&quot;jet_parallax_layout_bg_x_mobile&quot;:&quot;&quot;,&quot;jet_parallax_layout_bg_y_tablet&quot;:&quot;&quot;,&quot;jet_parallax_layout_bg_y_mobile&quot;:&quot;&quot;,&quot;jet_parallax_layout_bg_size&quot;:&quot;auto&quot;,&quot;jet_parallax_layout_bg_size_tablet&quot;:&quot;&quot;,&quot;jet_parallax_layout_bg_size_mobile&quot;:&quot;&quot;,&quot;jet_parallax_layout_animation_prop&quot;:&quot;transform&quot;,&quot;jet_parallax_layout_on&quot;:[&quot;desktop&quot;,&quot;tablet&quot;]}],&quot;background_background&quot;:&quot;classic&quot;,&quot;animation&quot;:&quot;fadeInUp&quot;}\">\n\t\t\t\t\t\t<div class=\"elementor-container elementor-column-gap-no\">\n\t\t\t\t\t<div class=\"elementor-column elementor-col-50 elementor-top-column elementor-element elementor-element-22e1cc5\" data-id=\"22e1cc5\" data-element_type=\"column\" data-settings=\"{&quot;animation&quot;:&quot;none&quot;}\">\n\t\t\t<div class=\"elementor-widget-wrap elementor-element-populated\">\n\t\t\t\t\t\t<div class=\"elementor-element elementor-element-b757394 elementor-widget elementor-widget-heading\" data-id=\"b757394\" data-element_type=\"widget\" data-widget_type=\"heading.default\">\n\t\t\t\t<div class=\"elementor-widget-container\">\n\t\t\t<h2 class=\"elementor-heading-title elementor-size-default\">\u00dcber uns<\/h2>\t\t<\/div>\n\t\t\t\t<\/div>\n\t\t\t\t<div class=\"elementor-element elementor-element-f50ba6c elementor-widget elementor-widget-text-editor\" data-id=\"f50ba6c\" data-element_type=\"widget\" data-widget_type=\"text-editor.default\">\n\t\t\t\t<div class=\"elementor-widget-container\">\n\t\t\t\t\t\t\t<p>Als Kaya Branda Tente sind wir im Bereich Planen-, Markisen- und Pergolasysteme in Alanya t\u00e4tig. Mit unserer langj\u00e4hrigen Erfahrung und unserem professionellen Team bieten wir dauerhafte L\u00f6sungen f\u00fcr die Freiraumbed\u00fcrfnisse unserer Kunden. Mit unseren langlebigen, \u00e4sthetischen und hochwertigen Planen- und Markisensystemen, die speziell f\u00fcr das hei\u00dfe Klima von Alanya entwickelt wurden, vereinen wir Komfort und Eleganz.<\/p><p>Mit unserer breiten Produktpalette, Modellen, die sich an verschiedene R\u00e4ume anpassen lassen, und innovativen L\u00f6sungen sind wir das beliebteste Unternehmen f\u00fcr Markisen und Pergola in Alanya und Umgebung. Als Kaya Branda Tente ist es unser Ziel, die Kundenzufriedenheit mit unserem Qualit\u00e4tsserviceansatz auf h\u00f6chstem Niveau zu halten. Mit unserem Expertenteam begleiten wir Sie in jedem Schritt von der Projektphase bis zur Installation und arbeiten daran, das Beschattungssystem anzubieten, das Ihren Anforderungen am besten entspricht. Mit den von uns angebotenen Dienstleistungen, bei denen die Qualit\u00e4t im Vordergrund steht, schaffen wir L\u00f6sungen, die sowohl hinsichtlich der \u00c4sthetik als auch der Haltbarkeit einen Unterschied machen.<\/p>\t\t\t\t\t\t<\/div>\n\t\t\t\t<\/div>\n\t\t\t\t\t<\/div>\n\t\t<\/div>\n\t\t\t\t<div class=\"elementor-column elementor-col-50 elementor-top-column elementor-element elementor-element-738de80\" data-id=\"738de80\" data-element_type=\"column\">\n\t\t\t<div class=\"elementor-widget-wrap elementor-element-populated\">\n\t\t\t\t\t\t<div class=\"elementor-element elementor-element-5e45b15 elementor-widget elementor-widget-image\" data-id=\"5e45b15\" data-element_type=\"widget\" data-widget_type=\"image.default\">\n\t\t\t\t<div class=\"elementor-widget-container\">\n\t\t\t\t\t\t\t\t\t\t\t\t\t<img fetchpriority=\"high\" decoding=\"async\" width=\"360\" height=\"171\" src=\"https:\/\/kayabrandatente.com\/wp-content\/uploads\/2020\/06\/Adsiz-tasarim.png\" class=\"attachment-large size-large wp-image-370\" alt=\"\" srcset=\"https:\/\/kayabrandatente.com\/wp-content\/uploads\/2020\/06\/Adsiz-tasarim.png 360w, https:\/\/kayabrandatente.com\/wp-content\/uploads\/2020\/06\/Adsiz-tasarim-300x143.png 300w, https:\/\/kayabrandatente.com\/wp-content\/uploads\/2020\/06\/Adsiz-tasarim-18x9.png 18w\" sizes=\"(max-width: 360px) 100vw, 360px\" \/>\t\t\t\t\t\t\t\t\t\t\t\t\t<\/div>\n\t\t\t\t<\/div>\n\t\t\t\t\t<\/div>\n\t\t<\/div>\n\t\t\t\t\t<\/div>\n\t\t<\/section>\n\t\t\t\t<section class=\"elementor-section elementor-top-section elementor-element elementor-element-fd41a53 elementor-section-boxed elementor-section-height-default elementor-section-height-default elementor-invisible\" data-id=\"fd41a53\" data-element_type=\"section\" data-settings=\"{&quot;jet_parallax_layout_list&quot;:[{&quot;jet_parallax_layout_image&quot;:{&quot;url&quot;:&quot;&quot;,&quot;id&quot;:&quot;&quot;,&quot;size&quot;:&quot;&quot;},&quot;_id&quot;:&quot;36d67d3&quot;,&quot;jet_parallax_layout_speed&quot;:{&quot;unit&quot;:&quot;%&quot;,&quot;size&quot;:&quot;50&quot;,&quot;sizes&quot;:[]},&quot;jet_parallax_layout_bg_x&quot;:&quot;50&quot;,&quot;jet_parallax_layout_bg_y&quot;:&quot;50&quot;,&quot;jet_parallax_layout_image_tablet&quot;:{&quot;url&quot;:&quot;&quot;,&quot;id&quot;:&quot;&quot;,&quot;size&quot;:&quot;&quot;},&quot;jet_parallax_layout_image_mobile&quot;:{&quot;url&quot;:&quot;&quot;,&quot;id&quot;:&quot;&quot;,&quot;size&quot;:&quot;&quot;},&quot;jet_parallax_layout_type&quot;:&quot;scroll&quot;,&quot;jet_parallax_layout_direction&quot;:null,&quot;jet_parallax_layout_fx_direction&quot;:null,&quot;jet_parallax_layout_z_index&quot;:&quot;&quot;,&quot;jet_parallax_layout_bg_x_tablet&quot;:&quot;&quot;,&quot;jet_parallax_layout_bg_x_mobile&quot;:&quot;&quot;,&quot;jet_parallax_layout_bg_y_tablet&quot;:&quot;&quot;,&quot;jet_parallax_layout_bg_y_mobile&quot;:&quot;&quot;,&quot;jet_parallax_layout_bg_size&quot;:&quot;auto&quot;,&quot;jet_parallax_layout_bg_size_tablet&quot;:&quot;&quot;,&quot;jet_parallax_layout_bg_size_mobile&quot;:&quot;&quot;,&quot;jet_parallax_layout_animation_prop&quot;:&quot;transform&quot;,&quot;jet_parallax_layout_on&quot;:[&quot;desktop&quot;,&quot;tablet&quot;]}],&quot;background_background&quot;:&quot;classic&quot;,&quot;animation&quot;:&quot;fadeInUp&quot;}\">\n\t\t\t\t\t\t<div class=\"elementor-container elementor-column-gap-no\">\n\t\t\t\t\t<div class=\"elementor-column elementor-col-50 elementor-top-column elementor-element elementor-element-7ff4277\" data-id=\"7ff4277\" data-element_type=\"column\" data-settings=\"{&quot;animation&quot;:&quot;none&quot;}\">\n\t\t\t<div class=\"elementor-widget-wrap elementor-element-populated\">\n\t\t\t\t\t\t<div class=\"elementor-element elementor-element-72d981e elementor-widget elementor-widget-heading\" data-id=\"72d981e\" data-element_type=\"widget\" data-widget_type=\"heading.default\">\n\t\t\t\t<div class=\"elementor-widget-container\">\n\t\t\t<h2 class=\"elementor-heading-title elementor-size-default\">Mission<\/h2>\t\t<\/div>\n\t\t\t\t<\/div>\n\t\t\t\t<div class=\"elementor-element elementor-element-ee9cb1c elementor-widget elementor-widget-text-editor\" data-id=\"ee9cb1c\" data-element_type=\"widget\" data-widget_type=\"text-editor.default\">\n\t\t\t\t<div class=\"elementor-widget-container\">\n\t\t\t\t\t\t\t<p>Als Kaya Branda Tente ist es unsere Mission, unseren Kunden in Alanya und Umgebung moderne, langlebige und klimafreundliche Planen-, Markisen- und Pergola-L\u00f6sungen anzubieten. Wir sorgen f\u00fcr die effizienteste Nutzung offener R\u00e4ume, indem wir allen Arten von Wohn- und Arbeitsr\u00e4umen einen \u00e4sthetischen Mehrwert verleihen. Unsere Priorit\u00e4t ist es, mit unserem kundenorientierten Serviceansatz und qualitativ hochwertigen Produkten als zuverl\u00e4ssige und innovative Marke in der Branche einen Unterschied zu machen. Unser Ziel ist es, die Erwartungen unserer Kunden zu \u00fcbertreffen und sie stets zufrieden zu stellen.<\/p><h3>\u00a0<\/h3>\t\t\t\t\t\t<\/div>\n\t\t\t\t<\/div>\n\t\t\t\t\t<\/div>\n\t\t<\/div>\n\t\t\t\t<div class=\"elementor-column elementor-col-50 elementor-top-column elementor-element elementor-element-8051c94\" data-id=\"8051c94\" data-element_type=\"column\" data-settings=\"{&quot;animation&quot;:&quot;none&quot;}\">\n\t\t\t<div class=\"elementor-widget-wrap elementor-element-populated\">\n\t\t\t\t\t\t<div class=\"elementor-element elementor-element-1a962ea elementor-widget elementor-widget-heading\" data-id=\"1a962ea\" data-element_type=\"widget\" data-widget_type=\"heading.default\">\n\t\t\t\t<div class=\"elementor-widget-container\">\n\t\t\t<h2 class=\"elementor-heading-title elementor-size-default\">Vision<\/h2>\t\t<\/div>\n\t\t\t\t<\/div>\n\t\t\t\t<div class=\"elementor-element elementor-element-a27e247 elementor-widget elementor-widget-text-editor\" data-id=\"a27e247\" data-element_type=\"widget\" data-widget_type=\"text-editor.default\">\n\t\t\t\t<div class=\"elementor-widget-container\">\n\t\t\t\t\t\t\t<p>Kaya Branda Awning hat die Vision, eine Pionier- und innovative Marke im Planen-, Markisen- und Pergola-Sektor in Alanya zu sein, und m\u00f6chte \u00fcber regionale Grenzen hinaus zu einer bekannten Marke in der gesamten T\u00fcrkei werden. Wir werden weiterhin moderne, \u00e4sthetische und funktionale L\u00f6sungen unter Verwendung der neuesten Technologien f\u00fcr Beschattungssysteme anbieten. Unser Ziel ist es, die Standards in der Branche zu erh\u00f6hen und unseren Kunden stets die besten L\u00f6sungen mit umweltfreundlichen, langlebigen und \u00e4sthetischen Produkten zu bieten.<\/p><p>\u00a0<\/p>\t\t\t\t\t\t<\/div>\n\t\t\t\t<\/div>\n\t\t\t\t\t<\/div>\n\t\t<\/div>\n\t\t\t\t\t<\/div>\n\t\t<\/section>\n\t\t\t\t<\/div>","protected":false},"excerpt":{"rendered":"<p>\u00dcber uns \u00dcber uns Als Kaya Branda Tente sind wir in Alanya im Bereich Planen-, Markisen- und Pergolasysteme t\u00e4tig. Mit unserer langj\u00e4hrigen Erfahrung und unserem professionellen Team bieten wir dauerhafte L\u00f6sungen f\u00fcr die Freiraumbed\u00fcrfnisse unserer Kunden. Mit unseren langlebigen, \u00e4sthetischen und hochwertigen Planen- und Markisensystemen, die speziell f\u00fcr das hei\u00dfe Klima von Alanya entwickelt wurden, vereinen wir Komfort und Eleganz. Unsere breite Produktpalette eignet sich f\u00fcr verschiedene Einsatzorte [...]<\/p>","protected":false},"author":1,"featured_media":384,"parent":0,"menu_order":0,"comment_status":"closed","ping_status":"closed","template":"full-width.php","meta":{"_acf_changed":false,"footnotes":""},"class_list":["post-56","page","type-page","status-publish","has-post-thumbnail","hentry"],"acf":[],"yoast_head":"<!-- This site is optimized with the Yoast SEO plugin v23.7 - https:\/\/yoast.com\/wordpress\/plugins\/seo\/ -->\n<title>Hakk\u0131m\u0131zda<\/title>\n<meta name=\"robots\" content=\"index, follow, max-snippet:-1, max-image-preview:large, max-video-preview:-1\" \/>\n<link rel=\"canonical\" href=\"https:\/\/kayabrandatente.com\/de\/about\/\" \/>\n<meta property=\"og:locale\" content=\"de_DE\" \/>\n<meta property=\"og:type\" content=\"article\" \/>\n<meta property=\"og:title\" content=\"Hakk\u0131m\u0131zda\" \/>\n<meta property=\"og:description\" content=\"Hakk\u0131m\u0131zda Hakk\u0131m\u0131zda Kaya Branda Tente olarak Alanya\u2019da branda, tente ve pergola sistemleri alan\u0131nda faaliyet g\u00f6steriyoruz. Y\u0131llar\u0131n getirdi\u011fi deneyim ve profesyonel ekibimizle, m\u00fc\u015fterilerimizin a\u00e7\u0131k alan ihtiya\u00e7lar\u0131na kal\u0131c\u0131 \u00e7\u00f6z\u00fcmler sunuyoruz. Alanya\u2019n\u0131n s\u0131cak iklimine \u00f6zel olarak geli\u015ftirilmi\u015f dayan\u0131kl\u0131, estetik ve kaliteli branda ve tente sistemlerimizle, hem konfor hem de \u015f\u0131kl\u0131\u011f\u0131 bir araya getiriyoruz. Geni\u015f \u00fcr\u00fcn yelpazemiz, farkl\u0131 mek\u00e2nlara [&hellip;]\" \/>\n<meta property=\"og:url\" content=\"https:\/\/kayabrandatente.com\/de\/about\/\" \/>\n<meta property=\"og:site_name\" content=\"Kaya Branda Tente\" \/>\n<meta property=\"article:modified_time\" content=\"2024-10-31T21:53:50+00:00\" \/>\n<meta property=\"og:image\" content=\"https:\/\/kayabrandatente.com\/wp-content\/uploads\/2024\/10\/cropped-Adsiz-512-x-512-piksel.png\" \/>\n\t<meta property=\"og:image:width\" content=\"512\" \/>\n\t<meta property=\"og:image:height\" content=\"512\" \/>\n\t<meta property=\"og:image:type\" content=\"image\/png\" \/>\n<meta name=\"twitter:card\" content=\"summary_large_image\" \/>\n<meta name=\"twitter:label1\" content=\"Gesch\u00e4tzte Lesezeit\" \/>\n\t<meta name=\"twitter:data1\" content=\"2\u00a0Minuten\" \/>\n<script type=\"application\/ld+json\" class=\"yoast-schema-graph\">{\"@context\":\"https:\/\/schema.org\",\"@graph\":[{\"@type\":\"WebPage\",\"@id\":\"https:\/\/kayabrandatente.com\/about\/\",\"url\":\"https:\/\/kayabrandatente.com\/about\/\",\"name\":\"Hakk\u0131m\u0131zda\",\"isPartOf\":{\"@id\":\"https:\/\/kayabrandatente.com\/#website\"},\"primaryImageOfPage\":{\"@id\":\"https:\/\/kayabrandatente.com\/about\/#primaryimage\"},\"image\":{\"@id\":\"https:\/\/kayabrandatente.com\/about\/#primaryimage\"},\"thumbnailUrl\":\"https:\/\/kayabrandatente.com\/wp-content\/uploads\/2024\/10\/cropped-Adsiz-512-x-512-piksel.png\",\"datePublished\":\"2020-06-23T11:41:21+00:00\",\"dateModified\":\"2024-10-31T21:53:50+00:00\",\"breadcrumb\":{\"@id\":\"https:\/\/kayabrandatente.com\/about\/#breadcrumb\"},\"inLanguage\":\"de\",\"potentialAction\":[{\"@type\":\"ReadAction\",\"target\":[\"https:\/\/kayabrandatente.com\/about\/\"]}]},{\"@type\":\"ImageObject\",\"inLanguage\":\"de\",\"@id\":\"https:\/\/kayabrandatente.com\/about\/#primaryimage\",\"url\":\"https:\/\/kayabrandatente.com\/wp-content\/uploads\/2024\/10\/cropped-Adsiz-512-x-512-piksel.png\",\"contentUrl\":\"https:\/\/kayabrandatente.com\/wp-content\/uploads\/2024\/10\/cropped-Adsiz-512-x-512-piksel.png\",\"width\":512,\"height\":512},{\"@type\":\"BreadcrumbList\",\"@id\":\"https:\/\/kayabrandatente.com\/about\/#breadcrumb\",\"itemListElement\":[{\"@type\":\"ListItem\",\"position\":1,\"name\":\"Anasayfa\",\"item\":\"https:\/\/kayabrandatente.com\/\"},{\"@type\":\"ListItem\",\"position\":2,\"name\":\"Hakk\u0131m\u0131zda\"}]},{\"@type\":\"WebSite\",\"@id\":\"https:\/\/kayabrandatente.com\/#website\",\"url\":\"https:\/\/kayabrandatente.com\/\",\"name\":\"Kaya Branda Tente\",\"description\":\"Alanya Branda &amp; Tente\",\"potentialAction\":[{\"@type\":\"SearchAction\",\"target\":{\"@type\":\"EntryPoint\",\"urlTemplate\":\"https:\/\/kayabrandatente.com\/?s={search_term_string}\"},\"query-input\":{\"@type\":\"PropertyValueSpecification\",\"valueRequired\":true,\"valueName\":\"search_term_string\"}}],\"inLanguage\":\"de\"}]}<\/script>\n<!-- \/ Yoast SEO plugin. -->","yoast_head_json":{"title":"Hakk\u0131m\u0131zda","robots":{"index":"index","follow":"follow","max-snippet":"max-snippet:-1","max-image-preview":"max-image-preview:large","max-video-preview":"max-video-preview:-1"},"canonical":"https:\/\/kayabrandatente.com\/de\/about\/","og_locale":"de_DE","og_type":"article","og_title":"Hakk\u0131m\u0131zda","og_description":"Hakk\u0131m\u0131zda Hakk\u0131m\u0131zda Kaya Branda Tente olarak Alanya\u2019da branda, tente ve pergola sistemleri alan\u0131nda faaliyet g\u00f6steriyoruz. Y\u0131llar\u0131n getirdi\u011fi deneyim ve profesyonel ekibimizle, m\u00fc\u015fterilerimizin a\u00e7\u0131k alan ihtiya\u00e7lar\u0131na kal\u0131c\u0131 \u00e7\u00f6z\u00fcmler sunuyoruz. Alanya\u2019n\u0131n s\u0131cak iklimine \u00f6zel olarak geli\u015ftirilmi\u015f dayan\u0131kl\u0131, estetik ve kaliteli branda ve tente sistemlerimizle, hem konfor hem de \u015f\u0131kl\u0131\u011f\u0131 bir araya getiriyoruz. Geni\u015f \u00fcr\u00fcn yelpazemiz, farkl\u0131 mek\u00e2nlara [&hellip;]","og_url":"https:\/\/kayabrandatente.com\/de\/about\/","og_site_name":"Kaya Branda Tente","article_modified_time":"2024-10-31T21:53:50+00:00","og_image":[{"width":512,"height":512,"url":"https:\/\/kayabrandatente.com\/wp-content\/uploads\/2024\/10\/cropped-Adsiz-512-x-512-piksel.png","type":"image\/png"}],"twitter_card":"summary_large_image","twitter_misc":{"Gesch\u00e4tzte Lesezeit":"2\u00a0Minuten"},"schema":{"@context":"https:\/\/schema.org","@graph":[{"@type":"WebPage","@id":"https:\/\/kayabrandatente.com\/about\/","url":"https:\/\/kayabrandatente.com\/about\/","name":"Hakk\u0131m\u0131zda","isPartOf":{"@id":"https:\/\/kayabrandatente.com\/#website"},"primaryImageOfPage":{"@id":"https:\/\/kayabrandatente.com\/about\/#primaryimage"},"image":{"@id":"https:\/\/kayabrandatente.com\/about\/#primaryimage"},"thumbnailUrl":"https:\/\/kayabrandatente.com\/wp-content\/uploads\/2024\/10\/cropped-Adsiz-512-x-512-piksel.png","datePublished":"2020-06-23T11:41:21+00:00","dateModified":"2024-10-31T21:53:50+00:00","breadcrumb":{"@id":"https:\/\/kayabrandatente.com\/about\/#breadcrumb"},"inLanguage":"de","potentialAction":[{"@type":"ReadAction","target":["https:\/\/kayabrandatente.com\/about\/"]}]},{"@type":"ImageObject","inLanguage":"de","@id":"https:\/\/kayabrandatente.com\/about\/#primaryimage","url":"https:\/\/kayabrandatente.com\/wp-content\/uploads\/2024\/10\/cropped-Adsiz-512-x-512-piksel.png","contentUrl":"https:\/\/kayabrandatente.com\/wp-content\/uploads\/2024\/10\/cropped-Adsiz-512-x-512-piksel.png","width":512,"height":512},{"@type":"BreadcrumbList","@id":"https:\/\/kayabrandatente.com\/about\/#breadcrumb","itemListElement":[{"@type":"ListItem","position":1,"name":"Anasayfa","item":"https:\/\/kayabrandatente.com\/"},{"@type":"ListItem","position":2,"name":"Hakk\u0131m\u0131zda"}]},{"@type":"WebSite","@id":"https:\/\/kayabrandatente.com\/#website","url":"https:\/\/kayabrandatente.com\/","name":"Kaya Branda Tente","description":"Alanya Branda &amp; Tente","potentialAction":[{"@type":"SearchAction","target":{"@type":"EntryPoint","urlTemplate":"https:\/\/kayabrandatente.com\/?s={search_term_string}"},"query-input":{"@type":"PropertyValueSpecification","valueRequired":true,"valueName":"search_term_string"}}],"inLanguage":"de"}]}},"_links":{"self":[{"href":"https:\/\/kayabrandatente.com\/de\/wp-json\/wp\/v2\/pages\/56","targetHints":{"allow":["GET"]}}],"collection":[{"href":"https:\/\/kayabrandatente.com\/de\/wp-json\/wp\/v2\/pages"}],"about":[{"href":"https:\/\/kayabrandatente.com\/de\/wp-json\/wp\/v2\/types\/page"}],"author":[{"embeddable":true,"href":"https:\/\/kayabrandatente.com\/de\/wp-json\/wp\/v2\/users\/1"}],"replies":[{"embeddable":true,"href":"https:\/\/kayabrandatente.com\/de\/wp-json\/wp\/v2\/comments?post=56"}],"version-history":[{"count":8,"href":"https:\/\/kayabrandatente.com\/de\/wp-json\/wp\/v2\/pages\/56\/revisions"}],"predecessor-version":[{"id":543,"href":"https:\/\/kayabrandatente.com\/de\/wp-json\/wp\/v2\/pages\/56\/revisions\/543"}],"wp:featuredmedia":[{"embeddable":true,"href":"https:\/\/kayabrandatente.com\/de\/wp-json\/wp\/v2\/media\/384"}],"wp:attachment":[{"href":"https:\/\/kayabrandatente.com\/de\/wp-json\/wp\/v2\/media?parent=56"}],"curies":[{"name":"wp","href":"https:\/\/api.w.org\/{rel}","templated":true}]}}