{"id":56,"date":"2020-06-23T11:41:21","date_gmt":"2020-06-23T11:41:21","guid":{"rendered":"https:\/\/jupiterx.artbees.net\/accountant\/?page_id=56"},"modified":"2024-11-01T00:53:50","modified_gmt":"2024-10-31T21:53:50","slug":"about","status":"publish","type":"page","link":"https:\/\/kayabrandatente.com\/en\/about\/","title":{"rendered":"About Us"},"content":{"rendered":"<div data-elementor-type=\"wp-page\" data-elementor-id=\"56\" class=\"elementor elementor-56\" data-elementor-post-type=\"page\">\n\t\t\t\t\t\t<section class=\"elementor-section elementor-top-section elementor-element elementor-element-bdf22e8 elementor-section-boxed elementor-section-height-default elementor-section-height-default\" data-id=\"bdf22e8\" data-element_type=\"section\" data-settings=\"{&quot;jet_parallax_layout_list&quot;:[{&quot;jet_parallax_layout_image&quot;:{&quot;url&quot;:&quot;&quot;,&quot;id&quot;:&quot;&quot;,&quot;size&quot;:&quot;&quot;},&quot;_id&quot;:&quot;bd17729&quot;,&quot;jet_parallax_layout_image_tablet&quot;:{&quot;url&quot;:&quot;&quot;,&quot;id&quot;:&quot;&quot;,&quot;size&quot;:&quot;&quot;},&quot;jet_parallax_layout_image_mobile&quot;:{&quot;url&quot;:&quot;&quot;,&quot;id&quot;:&quot;&quot;,&quot;size&quot;:&quot;&quot;},&quot;jet_parallax_layout_speed&quot;:{&quot;unit&quot;:&quot;%&quot;,&quot;size&quot;:&quot;50&quot;,&quot;sizes&quot;:[]},&quot;jet_parallax_layout_bg_x&quot;:&quot;50&quot;,&quot;jet_parallax_layout_bg_y&quot;:&quot;50&quot;,&quot;jet_parallax_layout_type&quot;:&quot;scroll&quot;,&quot;jet_parallax_layout_direction&quot;:null,&quot;jet_parallax_layout_fx_direction&quot;:null,&quot;jet_parallax_layout_z_index&quot;:&quot;&quot;,&quot;jet_parallax_layout_bg_x_tablet&quot;:&quot;&quot;,&quot;jet_parallax_layout_bg_x_mobile&quot;:&quot;&quot;,&quot;jet_parallax_layout_bg_y_tablet&quot;:&quot;&quot;,&quot;jet_parallax_layout_bg_y_mobile&quot;:&quot;&quot;,&quot;jet_parallax_layout_bg_size&quot;:&quot;auto&quot;,&quot;jet_parallax_layout_bg_size_tablet&quot;:&quot;&quot;,&quot;jet_parallax_layout_bg_size_mobile&quot;:&quot;&quot;,&quot;jet_parallax_layout_animation_prop&quot;:&quot;transform&quot;,&quot;jet_parallax_layout_on&quot;:[&quot;desktop&quot;,&quot;tablet&quot;]}],&quot;background_background&quot;:&quot;classic&quot;}\">\n\t\t\t\t\t\t\t<div class=\"elementor-background-overlay\"><\/div>\n\t\t\t\t\t\t\t<div class=\"elementor-container elementor-column-gap-no\">\n\t\t\t\t\t<div class=\"elementor-column elementor-col-100 elementor-top-column elementor-element elementor-element-6147b0c\" data-id=\"6147b0c\" data-element_type=\"column\">\n\t\t\t<div class=\"elementor-widget-wrap elementor-element-populated\">\n\t\t\t\t\t\t<div class=\"elementor-element elementor-element-50f56a7 elementor-widget elementor-widget-heading\" data-id=\"50f56a7\" data-element_type=\"widget\" data-widget_type=\"heading.default\">\n\t\t\t\t<div class=\"elementor-widget-container\">\n\t\t\t<h1 class=\"elementor-heading-title elementor-size-default\">About Us<\/h1>\t\t<\/div>\n\t\t\t\t<\/div>\n\t\t\t\t\t<\/div>\n\t\t<\/div>\n\t\t\t\t\t<\/div>\n\t\t<\/section>\n\t\t\t\t<section class=\"elementor-section elementor-top-section elementor-element elementor-element-34a936c elementor-section-boxed elementor-section-height-default elementor-section-height-default elementor-invisible\" data-id=\"34a936c\" data-element_type=\"section\" data-settings=\"{&quot;jet_parallax_layout_list&quot;:[{&quot;jet_parallax_layout_image&quot;:{&quot;url&quot;:&quot;&quot;,&quot;id&quot;:&quot;&quot;,&quot;size&quot;:&quot;&quot;},&quot;_id&quot;:&quot;36d67d3&quot;,&quot;jet_parallax_layout_speed&quot;:{&quot;unit&quot;:&quot;%&quot;,&quot;size&quot;:&quot;50&quot;,&quot;sizes&quot;:[]},&quot;jet_parallax_layout_bg_x&quot;:&quot;50&quot;,&quot;jet_parallax_layout_bg_y&quot;:&quot;50&quot;,&quot;jet_parallax_layout_image_tablet&quot;:{&quot;url&quot;:&quot;&quot;,&quot;id&quot;:&quot;&quot;,&quot;size&quot;:&quot;&quot;},&quot;jet_parallax_layout_image_mobile&quot;:{&quot;url&quot;:&quot;&quot;,&quot;id&quot;:&quot;&quot;,&quot;size&quot;:&quot;&quot;},&quot;jet_parallax_layout_type&quot;:&quot;scroll&quot;,&quot;jet_parallax_layout_direction&quot;:null,&quot;jet_parallax_layout_fx_direction&quot;:null,&quot;jet_parallax_layout_z_index&quot;:&quot;&quot;,&quot;jet_parallax_layout_bg_x_tablet&quot;:&quot;&quot;,&quot;jet_parallax_layout_bg_x_mobile&quot;:&quot;&quot;,&quot;jet_parallax_layout_bg_y_tablet&quot;:&quot;&quot;,&quot;jet_parallax_layout_bg_y_mobile&quot;:&quot;&quot;,&quot;jet_parallax_layout_bg_size&quot;:&quot;auto&quot;,&quot;jet_parallax_layout_bg_size_tablet&quot;:&quot;&quot;,&quot;jet_parallax_layout_bg_size_mobile&quot;:&quot;&quot;,&quot;jet_parallax_layout_animation_prop&quot;:&quot;transform&quot;,&quot;jet_parallax_layout_on&quot;:[&quot;desktop&quot;,&quot;tablet&quot;]}],&quot;background_background&quot;:&quot;classic&quot;,&quot;animation&quot;:&quot;fadeInUp&quot;}\">\n\t\t\t\t\t\t<div class=\"elementor-container elementor-column-gap-no\">\n\t\t\t\t\t<div class=\"elementor-column elementor-col-50 elementor-top-column elementor-element elementor-element-22e1cc5\" data-id=\"22e1cc5\" data-element_type=\"column\" data-settings=\"{&quot;animation&quot;:&quot;none&quot;}\">\n\t\t\t<div class=\"elementor-widget-wrap elementor-element-populated\">\n\t\t\t\t\t\t<div class=\"elementor-element elementor-element-b757394 elementor-widget elementor-widget-heading\" data-id=\"b757394\" data-element_type=\"widget\" data-widget_type=\"heading.default\">\n\t\t\t\t<div class=\"elementor-widget-container\">\n\t\t\t<h2 class=\"elementor-heading-title elementor-size-default\">About Us<\/h2>\t\t<\/div>\n\t\t\t\t<\/div>\n\t\t\t\t<div class=\"elementor-element elementor-element-f50ba6c elementor-widget elementor-widget-text-editor\" data-id=\"f50ba6c\" data-element_type=\"widget\" data-widget_type=\"text-editor.default\">\n\t\t\t\t<div class=\"elementor-widget-container\">\n\t\t\t\t\t\t\t<p>As Kaya Branda Tente, we operate in the field of tarpaulin, awning and pergola systems in Alanya. With our years of experience and professional team, we offer permanent solutions to our customers&#039; outdoor needs. We bring both comfort and elegance together with our durable, aesthetic and high-quality tarpaulin and awning systems specially developed for the hot climate of Alanya.<\/p><p>With our wide range of products, models that can adapt to different spaces and innovative solutions, we are the most preferred awning and pergola company in Alanya and its surroundings. As Kaya Branda Tente, we aim to keep customer satisfaction at the highest level with our quality service approach. We are with you at every step from the project phase to the installation with our expert team and work to offer the most suitable shading system for your needs. We produce solutions that make a difference in terms of both aesthetics and durability with the services we offer by prioritizing quality.<\/p>\t\t\t\t\t\t<\/div>\n\t\t\t\t<\/div>\n\t\t\t\t\t<\/div>\n\t\t<\/div>\n\t\t\t\t<div class=\"elementor-column elementor-col-50 elementor-top-column elementor-element elementor-element-738de80\" data-id=\"738de80\" data-element_type=\"column\">\n\t\t\t<div class=\"elementor-widget-wrap elementor-element-populated\">\n\t\t\t\t\t\t<div class=\"elementor-element elementor-element-5e45b15 elementor-widget elementor-widget-image\" data-id=\"5e45b15\" data-element_type=\"widget\" data-widget_type=\"image.default\">\n\t\t\t\t<div class=\"elementor-widget-container\">\n\t\t\t\t\t\t\t\t\t\t\t\t\t<img fetchpriority=\"high\" decoding=\"async\" width=\"360\" height=\"171\" src=\"https:\/\/kayabrandatente.com\/wp-content\/uploads\/2020\/06\/Adsiz-tasarim.png\" class=\"attachment-large size-large wp-image-370\" alt=\"\" srcset=\"https:\/\/kayabrandatente.com\/wp-content\/uploads\/2020\/06\/Adsiz-tasarim.png 360w, https:\/\/kayabrandatente.com\/wp-content\/uploads\/2020\/06\/Adsiz-tasarim-300x143.png 300w, https:\/\/kayabrandatente.com\/wp-content\/uploads\/2020\/06\/Adsiz-tasarim-18x9.png 18w\" sizes=\"(max-width: 360px) 100vw, 360px\" \/>\t\t\t\t\t\t\t\t\t\t\t\t\t<\/div>\n\t\t\t\t<\/div>\n\t\t\t\t\t<\/div>\n\t\t<\/div>\n\t\t\t\t\t<\/div>\n\t\t<\/section>\n\t\t\t\t<section class=\"elementor-section elementor-top-section elementor-element elementor-element-fd41a53 elementor-section-boxed elementor-section-height-default elementor-section-height-default elementor-invisible\" data-id=\"fd41a53\" data-element_type=\"section\" data-settings=\"{&quot;jet_parallax_layout_list&quot;:[{&quot;jet_parallax_layout_image&quot;:{&quot;url&quot;:&quot;&quot;,&quot;id&quot;:&quot;&quot;,&quot;size&quot;:&quot;&quot;},&quot;_id&quot;:&quot;36d67d3&quot;,&quot;jet_parallax_layout_speed&quot;:{&quot;unit&quot;:&quot;%&quot;,&quot;size&quot;:&quot;50&quot;,&quot;sizes&quot;:[]},&quot;jet_parallax_layout_bg_x&quot;:&quot;50&quot;,&quot;jet_parallax_layout_bg_y&quot;:&quot;50&quot;,&quot;jet_parallax_layout_image_tablet&quot;:{&quot;url&quot;:&quot;&quot;,&quot;id&quot;:&quot;&quot;,&quot;size&quot;:&quot;&quot;},&quot;jet_parallax_layout_image_mobile&quot;:{&quot;url&quot;:&quot;&quot;,&quot;id&quot;:&quot;&quot;,&quot;size&quot;:&quot;&quot;},&quot;jet_parallax_layout_type&quot;:&quot;scroll&quot;,&quot;jet_parallax_layout_direction&quot;:null,&quot;jet_parallax_layout_fx_direction&quot;:null,&quot;jet_parallax_layout_z_index&quot;:&quot;&quot;,&quot;jet_parallax_layout_bg_x_tablet&quot;:&quot;&quot;,&quot;jet_parallax_layout_bg_x_mobile&quot;:&quot;&quot;,&quot;jet_parallax_layout_bg_y_tablet&quot;:&quot;&quot;,&quot;jet_parallax_layout_bg_y_mobile&quot;:&quot;&quot;,&quot;jet_parallax_layout_bg_size&quot;:&quot;auto&quot;,&quot;jet_parallax_layout_bg_size_tablet&quot;:&quot;&quot;,&quot;jet_parallax_layout_bg_size_mobile&quot;:&quot;&quot;,&quot;jet_parallax_layout_animation_prop&quot;:&quot;transform&quot;,&quot;jet_parallax_layout_on&quot;:[&quot;desktop&quot;,&quot;tablet&quot;]}],&quot;background_background&quot;:&quot;classic&quot;,&quot;animation&quot;:&quot;fadeInUp&quot;}\">\n\t\t\t\t\t\t<div class=\"elementor-container elementor-column-gap-no\">\n\t\t\t\t\t<div class=\"elementor-column elementor-col-50 elementor-top-column elementor-element elementor-element-7ff4277\" data-id=\"7ff4277\" data-element_type=\"column\" data-settings=\"{&quot;animation&quot;:&quot;none&quot;}\">\n\t\t\t<div class=\"elementor-widget-wrap elementor-element-populated\">\n\t\t\t\t\t\t<div class=\"elementor-element elementor-element-72d981e elementor-widget elementor-widget-heading\" data-id=\"72d981e\" data-element_type=\"widget\" data-widget_type=\"heading.default\">\n\t\t\t\t<div class=\"elementor-widget-container\">\n\t\t\t<h2 class=\"elementor-heading-title elementor-size-default\">Mission<\/h2>\t\t<\/div>\n\t\t\t\t<\/div>\n\t\t\t\t<div class=\"elementor-element elementor-element-ee9cb1c elementor-widget elementor-widget-text-editor\" data-id=\"ee9cb1c\" data-element_type=\"widget\" data-widget_type=\"text-editor.default\">\n\t\t\t\t<div class=\"elementor-widget-container\">\n\t\t\t\t\t\t\t<p>As Kaya Branda Tente, our mission is to provide modern, long-lasting and climate-friendly tarpaulin, awning and pergola solutions to our customers in Alanya and the surrounding area. We add aesthetic value to all kinds of living and working areas and ensure the most efficient use of open spaces. Our priority is to make a difference as a reliable and innovative brand in the sector with our customer-oriented service approach and high-quality products. Our goal is to exceed our customers&#039; expectations and always leave them satisfied.<\/p><h3>\u00a0<\/h3>\t\t\t\t\t\t<\/div>\n\t\t\t\t<\/div>\n\t\t\t\t\t<\/div>\n\t\t<\/div>\n\t\t\t\t<div class=\"elementor-column elementor-col-50 elementor-top-column elementor-element elementor-element-8051c94\" data-id=\"8051c94\" data-element_type=\"column\" data-settings=\"{&quot;animation&quot;:&quot;none&quot;}\">\n\t\t\t<div class=\"elementor-widget-wrap elementor-element-populated\">\n\t\t\t\t\t\t<div class=\"elementor-element elementor-element-1a962ea elementor-widget elementor-widget-heading\" data-id=\"1a962ea\" data-element_type=\"widget\" data-widget_type=\"heading.default\">\n\t\t\t\t<div class=\"elementor-widget-container\">\n\t\t\t<h2 class=\"elementor-heading-title elementor-size-default\">Vision<\/h2>\t\t<\/div>\n\t\t\t\t<\/div>\n\t\t\t\t<div class=\"elementor-element elementor-element-a27e247 elementor-widget elementor-widget-text-editor\" data-id=\"a27e247\" data-element_type=\"widget\" data-widget_type=\"text-editor.default\">\n\t\t\t\t<div class=\"elementor-widget-container\">\n\t\t\t\t\t\t\t<p>Kaya Branda Tente, which has adopted the vision of being a pioneer and innovative brand in the tarpaulin, awning and pergola sector in Alanya, aims to become a well-known brand throughout Turkey by exceeding regional borders. We will continue to offer modern, aesthetic and functional solutions using the latest technologies in shading systems. With environmentally friendly, durable and aesthetic products, we aim to raise the standards in the sector and always offer the best solutions to our customers.<\/p><p>\u00a0<\/p>\t\t\t\t\t\t<\/div>\n\t\t\t\t<\/div>\n\t\t\t\t\t<\/div>\n\t\t<\/div>\n\t\t\t\t\t<\/div>\n\t\t<\/section>\n\t\t\t\t<\/div>","protected":false},"excerpt":{"rendered":"<p>About Us About Us As Kaya Branda Tente, we operate in the field of tarpaulin, awning and pergola systems in Alanya. With our years of experience and professional team, we offer permanent solutions to our customers&#039; outdoor needs. We bring both comfort and elegance together with our durable, aesthetic and high-quality tarpaulin and awning systems specially developed for the hot climate of Alanya. Our wide range of products [\u2026]<\/p>","protected":false},"author":1,"featured_media":384,"parent":0,"menu_order":0,"comment_status":"closed","ping_status":"closed","template":"full-width.php","meta":{"_acf_changed":false,"footnotes":""},"class_list":["post-56","page","type-page","status-publish","has-post-thumbnail","hentry"],"acf":[],"yoast_head":"<!-- This site is optimized with the Yoast SEO plugin v23.7 - https:\/\/yoast.com\/wordpress\/plugins\/seo\/ -->\n<title>Hakk\u0131m\u0131zda<\/title>\n<meta name=\"robots\" content=\"index, follow, max-snippet:-1, max-image-preview:large, max-video-preview:-1\" \/>\n<link rel=\"canonical\" href=\"https:\/\/kayabrandatente.com\/en\/about\/\" \/>\n<meta property=\"og:locale\" content=\"en_US\" \/>\n<meta property=\"og:type\" content=\"article\" \/>\n<meta property=\"og:title\" content=\"Hakk\u0131m\u0131zda\" \/>\n<meta property=\"og:description\" content=\"Hakk\u0131m\u0131zda Hakk\u0131m\u0131zda Kaya Branda Tente olarak Alanya\u2019da branda, tente ve pergola sistemleri alan\u0131nda faaliyet g\u00f6steriyoruz. Y\u0131llar\u0131n getirdi\u011fi deneyim ve profesyonel ekibimizle, m\u00fc\u015fterilerimizin a\u00e7\u0131k alan ihtiya\u00e7lar\u0131na kal\u0131c\u0131 \u00e7\u00f6z\u00fcmler sunuyoruz. Alanya\u2019n\u0131n s\u0131cak iklimine \u00f6zel olarak geli\u015ftirilmi\u015f dayan\u0131kl\u0131, estetik ve kaliteli branda ve tente sistemlerimizle, hem konfor hem de \u015f\u0131kl\u0131\u011f\u0131 bir araya getiriyoruz. Geni\u015f \u00fcr\u00fcn yelpazemiz, farkl\u0131 mek\u00e2nlara [&hellip;]\" \/>\n<meta property=\"og:url\" content=\"https:\/\/kayabrandatente.com\/en\/about\/\" \/>\n<meta property=\"og:site_name\" content=\"Kaya Branda Tente\" \/>\n<meta property=\"article:modified_time\" content=\"2024-10-31T21:53:50+00:00\" \/>\n<meta property=\"og:image\" content=\"https:\/\/kayabrandatente.com\/wp-content\/uploads\/2024\/10\/cropped-Adsiz-512-x-512-piksel.png\" \/>\n\t<meta property=\"og:image:width\" content=\"512\" \/>\n\t<meta property=\"og:image:height\" content=\"512\" \/>\n\t<meta property=\"og:image:type\" content=\"image\/png\" \/>\n<meta name=\"twitter:card\" content=\"summary_large_image\" \/>\n<meta name=\"twitter:label1\" content=\"Est. reading time\" \/>\n\t<meta name=\"twitter:data1\" content=\"2 minutes\" \/>\n<script type=\"application\/ld+json\" class=\"yoast-schema-graph\">{\"@context\":\"https:\/\/schema.org\",\"@graph\":[{\"@type\":\"WebPage\",\"@id\":\"https:\/\/kayabrandatente.com\/about\/\",\"url\":\"https:\/\/kayabrandatente.com\/about\/\",\"name\":\"Hakk\u0131m\u0131zda\",\"isPartOf\":{\"@id\":\"https:\/\/kayabrandatente.com\/#website\"},\"primaryImageOfPage\":{\"@id\":\"https:\/\/kayabrandatente.com\/about\/#primaryimage\"},\"image\":{\"@id\":\"https:\/\/kayabrandatente.com\/about\/#primaryimage\"},\"thumbnailUrl\":\"https:\/\/kayabrandatente.com\/wp-content\/uploads\/2024\/10\/cropped-Adsiz-512-x-512-piksel.png\",\"datePublished\":\"2020-06-23T11:41:21+00:00\",\"dateModified\":\"2024-10-31T21:53:50+00:00\",\"breadcrumb\":{\"@id\":\"https:\/\/kayabrandatente.com\/about\/#breadcrumb\"},\"inLanguage\":\"en-US\",\"potentialAction\":[{\"@type\":\"ReadAction\",\"target\":[\"https:\/\/kayabrandatente.com\/about\/\"]}]},{\"@type\":\"ImageObject\",\"inLanguage\":\"en-US\",\"@id\":\"https:\/\/kayabrandatente.com\/about\/#primaryimage\",\"url\":\"https:\/\/kayabrandatente.com\/wp-content\/uploads\/2024\/10\/cropped-Adsiz-512-x-512-piksel.png\",\"contentUrl\":\"https:\/\/kayabrandatente.com\/wp-content\/uploads\/2024\/10\/cropped-Adsiz-512-x-512-piksel.png\",\"width\":512,\"height\":512},{\"@type\":\"BreadcrumbList\",\"@id\":\"https:\/\/kayabrandatente.com\/about\/#breadcrumb\",\"itemListElement\":[{\"@type\":\"ListItem\",\"position\":1,\"name\":\"Anasayfa\",\"item\":\"https:\/\/kayabrandatente.com\/\"},{\"@type\":\"ListItem\",\"position\":2,\"name\":\"Hakk\u0131m\u0131zda\"}]},{\"@type\":\"WebSite\",\"@id\":\"https:\/\/kayabrandatente.com\/#website\",\"url\":\"https:\/\/kayabrandatente.com\/\",\"name\":\"Kaya Branda Tente\",\"description\":\"Alanya Branda &amp; Tente\",\"potentialAction\":[{\"@type\":\"SearchAction\",\"target\":{\"@type\":\"EntryPoint\",\"urlTemplate\":\"https:\/\/kayabrandatente.com\/?s={search_term_string}\"},\"query-input\":{\"@type\":\"PropertyValueSpecification\",\"valueRequired\":true,\"valueName\":\"search_term_string\"}}],\"inLanguage\":\"en-US\"}]}<\/script>\n<!-- \/ Yoast SEO plugin. -->","yoast_head_json":{"title":"Hakk\u0131m\u0131zda","robots":{"index":"index","follow":"follow","max-snippet":"max-snippet:-1","max-image-preview":"max-image-preview:large","max-video-preview":"max-video-preview:-1"},"canonical":"https:\/\/kayabrandatente.com\/en\/about\/","og_locale":"en_US","og_type":"article","og_title":"Hakk\u0131m\u0131zda","og_description":"Hakk\u0131m\u0131zda Hakk\u0131m\u0131zda Kaya Branda Tente olarak Alanya\u2019da branda, tente ve pergola sistemleri alan\u0131nda faaliyet g\u00f6steriyoruz. Y\u0131llar\u0131n getirdi\u011fi deneyim ve profesyonel ekibimizle, m\u00fc\u015fterilerimizin a\u00e7\u0131k alan ihtiya\u00e7lar\u0131na kal\u0131c\u0131 \u00e7\u00f6z\u00fcmler sunuyoruz. Alanya\u2019n\u0131n s\u0131cak iklimine \u00f6zel olarak geli\u015ftirilmi\u015f dayan\u0131kl\u0131, estetik ve kaliteli branda ve tente sistemlerimizle, hem konfor hem de \u015f\u0131kl\u0131\u011f\u0131 bir araya getiriyoruz. Geni\u015f \u00fcr\u00fcn yelpazemiz, farkl\u0131 mek\u00e2nlara [&hellip;]","og_url":"https:\/\/kayabrandatente.com\/en\/about\/","og_site_name":"Kaya Branda Tente","article_modified_time":"2024-10-31T21:53:50+00:00","og_image":[{"width":512,"height":512,"url":"https:\/\/kayabrandatente.com\/wp-content\/uploads\/2024\/10\/cropped-Adsiz-512-x-512-piksel.png","type":"image\/png"}],"twitter_card":"summary_large_image","twitter_misc":{"Est. reading time":"2 minutes"},"schema":{"@context":"https:\/\/schema.org","@graph":[{"@type":"WebPage","@id":"https:\/\/kayabrandatente.com\/about\/","url":"https:\/\/kayabrandatente.com\/about\/","name":"Hakk\u0131m\u0131zda","isPartOf":{"@id":"https:\/\/kayabrandatente.com\/#website"},"primaryImageOfPage":{"@id":"https:\/\/kayabrandatente.com\/about\/#primaryimage"},"image":{"@id":"https:\/\/kayabrandatente.com\/about\/#primaryimage"},"thumbnailUrl":"https:\/\/kayabrandatente.com\/wp-content\/uploads\/2024\/10\/cropped-Adsiz-512-x-512-piksel.png","datePublished":"2020-06-23T11:41:21+00:00","dateModified":"2024-10-31T21:53:50+00:00","breadcrumb":{"@id":"https:\/\/kayabrandatente.com\/about\/#breadcrumb"},"inLanguage":"en-US","potentialAction":[{"@type":"ReadAction","target":["https:\/\/kayabrandatente.com\/about\/"]}]},{"@type":"ImageObject","inLanguage":"en-US","@id":"https:\/\/kayabrandatente.com\/about\/#primaryimage","url":"https:\/\/kayabrandatente.com\/wp-content\/uploads\/2024\/10\/cropped-Adsiz-512-x-512-piksel.png","contentUrl":"https:\/\/kayabrandatente.com\/wp-content\/uploads\/2024\/10\/cropped-Adsiz-512-x-512-piksel.png","width":512,"height":512},{"@type":"BreadcrumbList","@id":"https:\/\/kayabrandatente.com\/about\/#breadcrumb","itemListElement":[{"@type":"ListItem","position":1,"name":"Anasayfa","item":"https:\/\/kayabrandatente.com\/"},{"@type":"ListItem","position":2,"name":"Hakk\u0131m\u0131zda"}]},{"@type":"WebSite","@id":"https:\/\/kayabrandatente.com\/#website","url":"https:\/\/kayabrandatente.com\/","name":"Kaya Branda Tente","description":"Alanya Branda &amp; Tente","potentialAction":[{"@type":"SearchAction","target":{"@type":"EntryPoint","urlTemplate":"https:\/\/kayabrandatente.com\/?s={search_term_string}"},"query-input":{"@type":"PropertyValueSpecification","valueRequired":true,"valueName":"search_term_string"}}],"inLanguage":"en-US"}]}},"_links":{"self":[{"href":"https:\/\/kayabrandatente.com\/en\/wp-json\/wp\/v2\/pages\/56","targetHints":{"allow":["GET"]}}],"collection":[{"href":"https:\/\/kayabrandatente.com\/en\/wp-json\/wp\/v2\/pages"}],"about":[{"href":"https:\/\/kayabrandatente.com\/en\/wp-json\/wp\/v2\/types\/page"}],"author":[{"embeddable":true,"href":"https:\/\/kayabrandatente.com\/en\/wp-json\/wp\/v2\/users\/1"}],"replies":[{"embeddable":true,"href":"https:\/\/kayabrandatente.com\/en\/wp-json\/wp\/v2\/comments?post=56"}],"version-history":[{"count":8,"href":"https:\/\/kayabrandatente.com\/en\/wp-json\/wp\/v2\/pages\/56\/revisions"}],"predecessor-version":[{"id":543,"href":"https:\/\/kayabrandatente.com\/en\/wp-json\/wp\/v2\/pages\/56\/revisions\/543"}],"wp:featuredmedia":[{"embeddable":true,"href":"https:\/\/kayabrandatente.com\/en\/wp-json\/wp\/v2\/media\/384"}],"wp:attachment":[{"href":"https:\/\/kayabrandatente.com\/en\/wp-json\/wp\/v2\/media?parent=56"}],"curies":[{"name":"wp","href":"https:\/\/api.w.org\/{rel}","templated":true}]}}